{"id":339,"date":"2016-11-03T17:37:59","date_gmt":"2016-11-03T17:37:59","guid":{"rendered":"http:\/\/lawyer2.mythemecloud.io\/?page_id=339"},"modified":"2023-03-30T17:25:28","modified_gmt":"2023-03-30T17:25:28","slug":"attorneys","status":"publish","type":"page","link":"https:\/\/enitek.ee\/?page_id=339","title":{"rendered":"Tooted"},"content":{"rendered":"\t\t<div data-elementor-type=\"wp-page\" data-elementor-id=\"339\" class=\"elementor elementor-339\">\n\t\t\t\t\t\t<section class=\"elementor-section elementor-top-section elementor-element elementor-element-dceba22 elementor-section-boxed elementor-section-height-default elementor-section-height-default\" data-id=\"dceba22\" data-element_type=\"section\" data-e-type=\"section\">\n\t\t\t\t\t\t<div class=\"elementor-container elementor-column-gap-default\">\n\t\t\t\t\t<div class=\"elementor-column elementor-col-50 elementor-top-column elementor-element elementor-element-f18e33b\" data-id=\"f18e33b\" data-element_type=\"column\" data-e-type=\"column\">\n\t\t\t<div class=\"elementor-widget-wrap elementor-element-populated\">\n\t\t\t\t\t\t<div class=\"elementor-element elementor-element-99baf2b elementor-widget elementor-widget-heading\" data-id=\"99baf2b\" data-element_type=\"widget\" data-e-type=\"widget\" data-widget_type=\"heading.default\">\n\t\t\t\t<div class=\"elementor-widget-container\">\n\t\t\t\t\t<h2 class=\"elementor-heading-title elementor-size-default\">Radioloogia<\/h2>\t\t\t\t<\/div>\n\t\t\t\t<\/div>\n\t\t\t\t<div class=\"elementor-element elementor-element-3402722 elementor-widget elementor-widget-text-editor\" data-id=\"3402722\" data-element_type=\"widget\" data-e-type=\"widget\" data-widget_type=\"text-editor.default\">\n\t\t\t\t<div class=\"elementor-widget-container\">\n\t\t\t\t\t\t\t\t\t<ul>\n<li>Barco diagnostilised monitorid<\/li>\n<li>Radiograafiaseadmed<\/li>\n<li>Digitaalsed (DR\/CR) r\u00f6ntgenlahendused<\/li>\n<li><span style=\"font-size: 16px; background-color: var( --e-global-color-4cf8eea );\">CT\/MRT automaats\u00fcstalde tarvikud<\/span><\/li>\n<li style=\"font-size: 16px;\"><span style=\"font-size: 16px; background-color: var( --e-global-color-4cf8eea );\">Kiirguskaitsevahendid (p\u00f5lled, kraed, kindad, prillid)<\/span><br><\/li><li style=\"font-size: 16px;\">MRT ruumide sisustus (ratastoolid, m\u00f6\u00f6bel, valgustid)<\/li>\n<li><span style=\"font-size: 16px; background-color: var( --e-global-color-4cf8eea );\">Positsioneermise abivahendid<\/span><\/li>\n<li>Erinevad hoidikud p\u00f5lledele<\/li>\n<li style=\"font-size: 16px;\">Kiirguskaitsematerjalid<\/li>\n<\/ul>\t\t\t\t\t\t\t\t<\/div>\n\t\t\t\t<\/div>\n\t\t\t\t\t<\/div>\n\t\t<\/div>\n\t\t\t\t<div class=\"elementor-column elementor-col-50 elementor-top-column elementor-element elementor-element-cc7aa1c\" data-id=\"cc7aa1c\" data-element_type=\"column\" data-e-type=\"column\">\n\t\t\t<div class=\"elementor-widget-wrap elementor-element-populated\">\n\t\t\t\t\t\t<div class=\"elementor-element elementor-element-0f2ee33 elementor-widget elementor-widget-heading\" data-id=\"0f2ee33\" data-element_type=\"widget\" data-e-type=\"widget\" data-widget_type=\"heading.default\">\n\t\t\t\t<div class=\"elementor-widget-container\">\n\t\t\t\t\t<h2 class=\"elementor-heading-title elementor-size-default\">Patsiendi j\u00e4lgimismonitoride tarvikud<\/h2>\t\t\t\t<\/div>\n\t\t\t\t<\/div>\n\t\t\t\t<div class=\"elementor-element elementor-element-af83ba0 elementor-widget elementor-widget-text-editor\" data-id=\"af83ba0\" data-element_type=\"widget\" data-e-type=\"widget\" data-widget_type=\"text-editor.default\">\n\t\t\t\t<div class=\"elementor-widget-container\">\n\t\t\t\t\t\t\t\t\t<ul><li><span style=\"font-size: 16px; background-color: var( --e-global-color-4cf8eea );\">K\u00f5ikidele Eestis enim levinud mudelitele<\/span><\/li><li>Korduvkasutatavad ja patsiendip\u00f5hised (\u00fchekordsed)<\/li><li>Saturatsioonisensorid ja vahekaablid<\/li><li>Temperatuurisensorid<\/li><li>EKG kaablid ja elektroodid<\/li><li>Invasiivse verer\u00f5hu m\u00f5\u00f5tmise vahekaablid<\/li><li style=\"font-size: 16px;\">Kaudse verer\u00f5hu m\u00f5\u00f5tmise mansetid ja \u00fchendusvoolikud<\/li><li>Akud<\/li><\/ul>\t\t\t\t\t\t\t\t<\/div>\n\t\t\t\t<\/div>\n\t\t\t\t\t<\/div>\n\t\t<\/div>\n\t\t\t\t\t<\/div>\n\t\t<\/section>\n\t\t\t\t<section class=\"elementor-section elementor-top-section elementor-element elementor-element-a94f1f6 elementor-section-boxed elementor-section-height-default elementor-section-height-default\" data-id=\"a94f1f6\" data-element_type=\"section\" data-e-type=\"section\">\n\t\t\t\t\t\t<div class=\"elementor-container elementor-column-gap-default\">\n\t\t\t\t\t<div class=\"elementor-column elementor-col-50 elementor-top-column elementor-element elementor-element-16f6f71\" data-id=\"16f6f71\" data-element_type=\"column\" data-e-type=\"column\">\n\t\t\t<div class=\"elementor-widget-wrap elementor-element-populated\">\n\t\t\t\t\t\t<div class=\"elementor-element elementor-element-8c4f8f9 elementor-widget elementor-widget-heading\" data-id=\"8c4f8f9\" data-element_type=\"widget\" data-e-type=\"widget\" data-widget_type=\"heading.default\">\n\t\t\t\t<div class=\"elementor-widget-container\">\n\t\t\t\t\t<h2 class=\"elementor-heading-title elementor-size-default\">Veterinaaria<\/h2>\t\t\t\t<\/div>\n\t\t\t\t<\/div>\n\t\t\t\t<div class=\"elementor-element elementor-element-46f0cdf elementor-widget elementor-widget-text-editor\" data-id=\"46f0cdf\" data-element_type=\"widget\" data-e-type=\"widget\" data-widget_type=\"text-editor.default\">\n\t\t\t\t<div class=\"elementor-widget-container\">\n\t\t\t\t\t\t\t\t\t<ul><li>Radiograafiaseadmed<\/li><li>Ultrahelidiagnostika<\/li><li>Digitaalsed (DR\/CR) r\u00f6ntgenlahendused<\/li><li>Veterinaarsed verer\u00f5hum\u00f5\u00f5tjad<\/li><li>Operatsiooni- ja protseduurivalgustid<\/li><li>Mikroskoobid<\/li><li>Kiirguskaitsevahendid<\/li><li>Sterilisatsiooniseadmed, autoklaavid<\/li><li>Meditsiiniline m\u00f6\u00f6bel<\/li><li>Kliiniku sisustus<\/li><\/ul>\t\t\t\t\t\t\t\t<\/div>\n\t\t\t\t<\/div>\n\t\t\t\t\t<\/div>\n\t\t<\/div>\n\t\t\t\t<div class=\"elementor-column elementor-col-50 elementor-top-column elementor-element elementor-element-afbc782\" data-id=\"afbc782\" data-element_type=\"column\" data-e-type=\"column\">\n\t\t\t<div class=\"elementor-widget-wrap elementor-element-populated\">\n\t\t\t\t\t\t<div class=\"elementor-element elementor-element-4e756e5 elementor-widget elementor-widget-heading\" data-id=\"4e756e5\" data-element_type=\"widget\" data-e-type=\"widget\" data-widget_type=\"heading.default\">\n\t\t\t\t<div class=\"elementor-widget-container\">\n\t\t\t\t\t<h2 class=\"elementor-heading-title elementor-size-default\">Perearstitooted<\/h2>\t\t\t\t<\/div>\n\t\t\t\t<\/div>\n\t\t\t\t<div class=\"elementor-element elementor-element-11f6550 elementor-widget elementor-widget-text-editor\" data-id=\"11f6550\" data-element_type=\"widget\" data-e-type=\"widget\" data-widget_type=\"text-editor.default\">\n\t\t\t\t<div class=\"elementor-widget-container\">\n\t\t\t\t\t\t\t\t\t<ul><li>EKG seadmed<\/li><li>Verer\u00f5huaparaadid<\/li><li>Protseduurilauad<\/li><li>Stetoskoobid<\/li><li>Otoskoobid<\/li><li>Vahesirmid<\/li><li>Meditsiinilised kaalud \/ pikkusem\u00f5\u00f5tjad<\/li><li>Silmatabelid<\/li><li>Autoklaavid ja sterilisatsiooniseadmed<\/li><\/ul>\t\t\t\t\t\t\t\t<\/div>\n\t\t\t\t<\/div>\n\t\t\t\t\t<\/div>\n\t\t<\/div>\n\t\t\t\t\t<\/div>\n\t\t<\/section>\n\t\t\t\t<section class=\"elementor-section elementor-top-section elementor-element elementor-element-667c259 elementor-section-boxed elementor-section-height-default elementor-section-height-default\" data-id=\"667c259\" data-element_type=\"section\" data-e-type=\"section\">\n\t\t\t\t\t\t<div class=\"elementor-container elementor-column-gap-default\">\n\t\t\t\t\t<div class=\"elementor-column elementor-col-50 elementor-top-column elementor-element elementor-element-bbb8239\" data-id=\"bbb8239\" data-element_type=\"column\" data-e-type=\"column\">\n\t\t\t<div class=\"elementor-widget-wrap elementor-element-populated\">\n\t\t\t\t\t\t<div class=\"elementor-element elementor-element-fc5cb18 elementor-widget elementor-widget-heading\" data-id=\"fc5cb18\" data-element_type=\"widget\" data-e-type=\"widget\" data-widget_type=\"heading.default\">\n\t\t\t\t<div class=\"elementor-widget-container\">\n\t\t\t\t\t<h2 class=\"elementor-heading-title elementor-size-default\">M\u00f6\u00f6bel ja sisustus<\/h2>\t\t\t\t<\/div>\n\t\t\t\t<\/div>\n\t\t\t\t<div class=\"elementor-element elementor-element-bf4ddb1 elementor-widget elementor-widget-text-editor\" data-id=\"bf4ddb1\" data-element_type=\"widget\" data-e-type=\"widget\" data-widget_type=\"text-editor.default\">\n\t\t\t\t<div class=\"elementor-widget-container\">\n\t\t\t\t\t\t\t\t\t<ul><li>Multifunktsionaalsed t\u00f6\u00f6toolid<\/li><li>Funktsionaalsed protseduuritoolid (LOR, verev\u00f5tuks, dial\u00fc\u00fcsiks)\u00a0<\/li><li>L\u00e4bivaatusku\u0161etid<\/li><li>Sadultoolid<\/li><li>G\u00fcnekoloogilised toolid<\/li><li>Kohtvalgustid<\/li><li>Seadmek\u00e4rud<\/li><li>Meditsiiniline m\u00f6\u00f6bel\u00a0<\/li><\/ul>\t\t\t\t\t\t\t\t<\/div>\n\t\t\t\t<\/div>\n\t\t\t\t\t<\/div>\n\t\t<\/div>\n\t\t\t\t<div class=\"elementor-column elementor-col-50 elementor-top-column elementor-element elementor-element-cbe1742\" data-id=\"cbe1742\" data-element_type=\"column\" data-e-type=\"column\">\n\t\t\t<div class=\"elementor-widget-wrap\">\n\t\t\t\t\t\t\t<\/div>\n\t\t<\/div>\n\t\t\t\t\t<\/div>\n\t\t<\/section>\n\t\t\t\t<\/div>\n\t\t","protected":false},"excerpt":{"rendered":"<p>Radioloogia Barco diagnostilised monitorid Radiograafiaseadmed Digitaalsed (DR\/CR) r\u00f6ntgenlahendused CT\/MRT automaats\u00fcstalde tarvikud Kiirguskaitsevahendid (p\u00f5lled, kraed, kindad, prillid) MRT ruumide sisustus (ratastoolid, m\u00f6\u00f6bel, valgustid) Positsioneermise abivahendid Erinevad hoidikud p\u00f5lledele Kiirguskaitsematerjalid Patsiendi j\u00e4lgimismonitoride tarvikud K\u00f5ikidele Eestis enim levinud mudelitele Korduvkasutatavad ja patsiendip\u00f5hised (\u00fchekordsed) Saturatsioonisensorid ja vahekaablid Temperatuurisensorid EKG kaablid ja elektroodid Invasiivse verer\u00f5hu m\u00f5\u00f5tmise vahekaablid Kaudse verer\u00f5hu m\u00f5\u00f5tmise [&hellip;]<\/p>\n","protected":false},"author":1,"featured_media":0,"parent":0,"menu_order":0,"comment_status":"closed","ping_status":"closed","template":"","meta":{"ocean_post_layout":"full-width","ocean_both_sidebars_style":"","ocean_both_sidebars_content_width":0,"ocean_both_sidebars_sidebars_width":0,"ocean_sidebar":"0","ocean_second_sidebar":"0","ocean_disable_margins":"enable","ocean_add_body_class":"","ocean_shortcode_before_top_bar":"","ocean_shortcode_after_top_bar":"","ocean_shortcode_before_header":"","ocean_shortcode_after_header":"","ocean_has_shortcode":"","ocean_shortcode_after_title":"","ocean_shortcode_before_footer_widgets":"","ocean_shortcode_after_footer_widgets":"","ocean_shortcode_before_footer_bottom":"","ocean_shortcode_after_footer_bottom":"","ocean_display_top_bar":"default","ocean_display_header":"default","ocean_header_style":"","ocean_center_header_left_menu":"0","ocean_custom_header_template":"0","ocean_custom_logo":0,"ocean_custom_retina_logo":0,"ocean_custom_logo_max_width":0,"ocean_custom_logo_tablet_max_width":0,"ocean_custom_logo_mobile_max_width":0,"ocean_custom_logo_max_height":0,"ocean_custom_logo_tablet_max_height":0,"ocean_custom_logo_mobile_max_height":0,"ocean_header_custom_menu":"0","ocean_menu_typo_font_family":"0","ocean_menu_typo_font_subset":"","ocean_menu_typo_font_size":0,"ocean_menu_typo_font_size_tablet":0,"ocean_menu_typo_font_size_mobile":0,"ocean_menu_typo_font_size_unit":"px","ocean_menu_typo_font_weight":"","ocean_menu_typo_font_weight_tablet":"","ocean_menu_typo_font_weight_mobile":"","ocean_menu_typo_transform":"","ocean_menu_typo_transform_tablet":"","ocean_menu_typo_transform_mobile":"","ocean_menu_typo_line_height":0,"ocean_menu_typo_line_height_tablet":0,"ocean_menu_typo_line_height_mobile":0,"ocean_menu_typo_line_height_unit":"","ocean_menu_typo_spacing":0,"ocean_menu_typo_spacing_tablet":0,"ocean_menu_typo_spacing_mobile":0,"ocean_menu_typo_spacing_unit":"","ocean_menu_link_color":"","ocean_menu_link_color_hover":"","ocean_menu_link_color_active":"","ocean_menu_link_background":"","ocean_menu_link_hover_background":"","ocean_menu_link_active_background":"","ocean_menu_social_links_bg":"","ocean_menu_social_hover_links_bg":"","ocean_menu_social_links_color":"","ocean_menu_social_hover_links_color":"","ocean_disable_title":"default","ocean_disable_heading":"default","ocean_post_title":"","ocean_post_subheading":"","ocean_post_title_style":"","ocean_post_title_background_color":"","ocean_post_title_background":0,"ocean_post_title_bg_image_position":"","ocean_post_title_bg_image_attachment":"","ocean_post_title_bg_image_repeat":"","ocean_post_title_bg_image_size":"","ocean_post_title_height":0,"ocean_post_title_bg_overlay":0.5,"ocean_post_title_bg_overlay_color":"","ocean_disable_breadcrumbs":"default","ocean_breadcrumbs_color":"","ocean_breadcrumbs_separator_color":"","ocean_breadcrumbs_links_color":"","ocean_breadcrumbs_links_hover_color":"","ocean_display_footer_widgets":"default","ocean_display_footer_bottom":"default","ocean_custom_footer_template":"0","footnotes":""},"class_list":["post-339","page","type-page","status-publish","hentry","entry"],"_links":{"self":[{"href":"https:\/\/enitek.ee\/index.php?rest_route=\/wp\/v2\/pages\/339","targetHints":{"allow":["GET"]}}],"collection":[{"href":"https:\/\/enitek.ee\/index.php?rest_route=\/wp\/v2\/pages"}],"about":[{"href":"https:\/\/enitek.ee\/index.php?rest_route=\/wp\/v2\/types\/page"}],"author":[{"embeddable":true,"href":"https:\/\/enitek.ee\/index.php?rest_route=\/wp\/v2\/users\/1"}],"replies":[{"embeddable":true,"href":"https:\/\/enitek.ee\/index.php?rest_route=%2Fwp%2Fv2%2Fcomments&post=339"}],"version-history":[{"count":5,"href":"https:\/\/enitek.ee\/index.php?rest_route=\/wp\/v2\/pages\/339\/revisions"}],"predecessor-version":[{"id":1571,"href":"https:\/\/enitek.ee\/index.php?rest_route=\/wp\/v2\/pages\/339\/revisions\/1571"}],"wp:attachment":[{"href":"https:\/\/enitek.ee\/index.php?rest_route=%2Fwp%2Fv2%2Fmedia&parent=339"}],"curies":[{"name":"wp","href":"https:\/\/api.w.org\/{rel}","templated":true}]}}